{"id":3,"date":"2019-04-24T13:12:23","date_gmt":"2019-04-24T11:12:23","guid":{"rendered":"http:\/\/test.korastudio.com\/omnishelter\/?page_id=3"},"modified":"2019-06-26T15:05:35","modified_gmt":"2019-06-26T13:05:35","slug":"privacy-policy","status":"publish","type":"page","link":"https:\/\/www.omnishelter.it\/index.php\/privacy-policy\/","title":{"rendered":"Privacy Policy"},"content":{"rendered":"<p>[vc_row margin_top=&#8221;60px&#8221; css=&#8221;.vc_custom_1561440503069{margin-bottom: 60px !important;}&#8221;][vc_column][vc_column_text]<\/p>\n<h2><strong>INFORMATIVA SULLA PRIVACY<\/strong><\/h2>\n<p><strong>Informativa per trattamento di dati personali &#8211;\u00a0Documento informativo ai sensi e per gli effetti di cui all\u2019articolo 13, RE 679\/2016 GDPR<\/strong><\/p>\n<p>In osservanza al RE679\/2016 e successive variazioni, nonch\u00e9 a quanto previsto dalla normativa vigente in materia di Cookie, siamo a fornirLe le dovute informazioni in ordine al trattamento dei dati personali da lei forniti. L&#8217;informativa non \u00e8 da considerarsi valida per altri siti web eventualmente consultabili tramite\u00a0<em>links\u00a0<\/em>presenti sui siti internet a dominio del titolare, che non \u00e8 da considerarsi in alcun modo responsabile dei siti internet dei terzi.<\/p>\n<p>&nbsp;<\/p>\n<h3><strong>1. IL &#8220;TITOLARE&#8221; DEL TRATTAMENTO<\/strong><\/h3>\n<p>il titolare del trattamento dati \u00e8\u00a0la societ\u00e0 <strong>OMNISHELTER srl<\/strong> via XI Settembre 6, 20012 Cuggiono (MI) Email : <a href=\"mailto:omnishelter@omnishelter.it\">omnishelter@omnishelter.it<\/a>, tel. 0039 02 97249177, <strong>\u00a0<\/strong>nella persona del legale rappresentante pro-tempore.<\/p>\n<p>&nbsp;<\/p>\n<h3><strong>2. LUOGO DI TRATTAMENTO DEI DATI<\/strong><\/h3>\n<p>I trattamenti connessi ai servizi web di questo sito, (fisicamente posto &#8220;in hosting&#8221; presso\u00a0<a href=\"http:\/\/www.jdsystem.it\/\">soggetto<\/a> terzo) sono effettuati presso la sede operativa dell\u2019azienda, titolare del trattamento e sono curati solo da propri collaboratori, incaricati del trattamento, o da eventuali soggetti esterni per operazioni di manutenzione od aggiornamento delle pagine del sito.<\/p>\n<p>&nbsp;<\/p>\n<h3><strong>3. TIPI DI DATI TRATTATI<\/strong><\/h3>\n<p><strong>Dato personale e identificativo.<\/strong><\/p>\n<p>Dato personale, qualunque informazione relativa a persona fisica, identificata o identificabile, anche indirettamente, mediante riferimento a qualsiasi altra informazione, ivi compreso un numero di identificazione personale; Dati identificativi, i dati personali che permettono l&#8217;identificazione diretta dell&#8217;interessato (quali a titolo esemplificativo nome, cognome, data di nascita, indirizzo, indirizzo e-mail, numero di telefono, ecc&#8230;).<\/p>\n<p><strong>Dati di navigazione<\/strong><\/p>\n<p>I sistemi informatici e le procedure\u00a0<em>software<\/em>\u00a0preposte al funzionamento di questo sito\u00a0<em>web<\/em>\u00a0acquisiscono, nel corso del loro normale esercizio, alcuni dati personali la cui trasmissione \u00e8 implicita nell&#8217;uso dei protocolli di comunicazione di Internet.<br \/>\nSi tratta di informazioni che non sono raccolte per essere associate a interessati identificati, ma che per loro stessa natura potrebbero, attraverso elaborazioni ed associazioni con dati detenuti da terzi, permettere di identificare gli utenti.<br \/>\nIn questa categoria di dati rientrano gli indirizzi IP o i nomi a dominio dei computer utilizzati dagli utenti che si connettono al sito, gli indirizzi in notazione\u00a0<em>URI (Uniform Resource Identifier)<\/em>\u00a0delle risorse richieste, l&#8217;orario della richiesta, il metodo utilizzato nel sottoporre la richiesta al server, la dimensione del file ottenuto in risposta, il codice numerico indicante lo stato della risposta data dal\u00a0<em>server<\/em>\u00a0(buon fine, errore, ecc.) ed altri parametri relativi al sistema operativo e all&#8217;ambiente informatico dell&#8217;utente.<br \/>\nQuesti dati vengono utilizzati al solo fine di ricavare informazioni statistiche anonime sull&#8217;uso del sito e per controllarne il corretto funzionamento e vengono cancellati immediatamente dopo l&#8217;elaborazione.<\/p>\n<p><strong>Difesa in giudizio<\/strong><\/p>\n<p>I Dati Personali dell\u2019Utente possono essere utilizzati per la difesa da parte del Titolare in giudizio o nelle fasi propedeutiche alla sua eventuale instaurazione, da abusi nell&#8217;utilizzo della stessa o dei servizi connessi da parte dell\u2019Utente. I dati potrebbero essere\u00a0utilizzati per l&#8217;accertamento di responsabilit\u00e0 in caso di ipotetici reati informatici ai danni del sito.<\/p>\n<p><strong>Manutenzione.<\/strong><\/p>\n<p>I Dati Personali dell\u2019Utente possono essere trattati con modalit\u00e0 e finalit\u00e0 aggiuntive legate alla manutenzione.<\/p>\n<p><strong>Dati forniti volontariamente dall&#8217;utente<\/strong><\/p>\n<p>L&#8217;invio facoltativo, esplicito e volontario di posta elettronica agli indirizzi indicati su questo sito e\/o la compilazione di\u00a0<em>form<\/em>\u00a0di raccolta dati, comporta la successiva acquisizione dell&#8217;indirizzo del mittente, necessario per rispondere alle richieste, nonch\u00e9 degli eventuali altri dati personali inseriti.<\/p>\n<p><strong>Informative specifiche<\/strong><\/p>\n<p>Informative specifiche potrebbero essere presentate nelle pagine del Sito in relazione a particolari servizi o trattamenti dei Dati forniti dall\u2019Utente o dall\u2019Interessato.<\/p>\n<p><strong>Cookies<br \/>\n<\/strong>Non viene fatto uso di cookie per la profilazione degli utenti, n\u00e9 vengono impiegati altri metodi di tracciamento. Viene invece fatto uso di cookie di sessione (non persistenti) in modo strettamente limitato a quanto necessario per la navigazione sicura ed efficiente dei siti. La memorizzazione dei cookie di sessione nei terminali o nei browser \u00e8 sotto il controllo dell\u2019utente, laddove sui server, al termine delle sessioni HTTP, informazioni relative ai cookie restano registrate nei log dei servizi, con tempi di conservazione comunque non superiori ai sette giorni al pari degli altri dati di navigazione.<\/p>\n<p>&nbsp;<\/p>\n<h3><strong>4. FINALIT\u00c0 DEL TRATTAMENTO PER LE QUALI SI CONCEDE CONSENSO LADDOVE RICHIESTO<\/strong><\/h3>\n<p>I dati di natura personale ed eventualmente sensibili, volontariamente forniti saranno oggetto di trattamento per le seguenti finalit\u00e0, fino a sua opposizione:<\/p>\n<p>&#8211; navigazione sul presente sito internet;<\/p>\n<p>&#8211; eventuale richiesta di contatto, con invio di informazioni da Lei richieste;<\/p>\n<p>&#8211; attivit\u00e0 amministrativo-contabili in genere. Ai fini dell&#8217;applicazione delle disposizioni in materia di protezione dei dati personali, i trattamenti effettuati per finalit\u00e0 amministrativo-contabili sono quelli connessi allo svolgimento delle attivit\u00e0 di natura organizzativa, amministrativa, finanziaria e contabile, a prescindere dalla natura dei dati trattati. In particolare, perseguono tali finalit\u00e0 le attivit\u00e0 organizzative interne, quelle funzionali all&#8217;adempimento di obblighi contrattuali e precontrattuali, attivit\u00e0 informativa.<\/p>\n<p>&nbsp;<\/p>\n<h3><strong>5. MODALIT\u00c0 DEL TRATTAMENTO &#8211; CONSERVAZIONE<\/strong><\/h3>\n<p>Il trattamento sar\u00e0 svolto in forma automatizzata e\/o manuale, con modalit\u00e0 e strumenti volti a garantire la massima sicurezza e riservatezza, ad opera di soggetti di ci\u00f2 appositamente incaricati. I dati saranno conservati per un periodo non superiore agli scopi per i quali i dati sono stati raccolti e successivamente trattati.<\/p>\n<p>&nbsp;<\/p>\n<h3><strong>6. AMBITO DI COMUNICAZIONE E DIFFUSIONE<\/strong><\/h3>\n<p>I Suoi dati, oggetto del trattamento, non saranno diffusi e potranno essere comunicati a societ\u00e0 contrattualmente legate a\u00a0<strong>OMNISHELTER srl\u00a0<\/strong>, I dati personali potranno essere trasferiti all\u2019estero in paesi extra UE nell\u2019ambito e nei limiti previsti dalla legge, al fine di ottemperare ai contratti o finalit\u00e0 connesse. I dati potranno essere comunicati a terzi appartenenti alle seguenti categorie:<\/p>\n<p>&#8211; soggetti che forniscono servizi per la gestione del sistema informativo usato da\u00a0<strong>OMNISHELTER\u00a0srl<\/strong> e delle reti di telecomunicazioni (ivi compresa la posta elettronica);<\/p>\n<p>&#8211; studi o societ\u00e0 nell&#8217;ambito di rapporti di assistenza e consulenza;<\/p>\n<p>&#8211; autorit\u00e0 competenti per adempimenti di obblighi di leggi e\/o di disposizioni di organi pubblici, su richiesta.<\/p>\n<p>I soggetti appartenenti alle categorie suddette svolgono la funzione di Responsabile del trattamento dei dati, oppure operano in totale autonomia come distinti Titolari del trattamento. L\u2019elenco di eventuali responsabili \u00e8 costantemente aggiornato e disponibile presso la sede legale di\u00a0<strong>OMNISHELTER\u00a0srl<\/strong> : via XI Settembre 6, 20012 Cuggiono (MI)<strong>\u00a0. <\/strong>Ogni ulteriore comunicazione o diffusione avverr\u00e0 solo previo Suo esplicito consenso.<\/p>\n<p>&nbsp;<\/p>\n<h3><strong>7. NATURA DEL CONFERIMENTO E RIFIUTO<\/strong><\/h3>\n<p>A parte quanto specificato per i dati di navigazione, l&#8217;utente \u00e8 libero di fornire i dati personali. Il conferimento dei dati \u00e8 facoltativo ma necessario. Il loro mancato conferimento pu\u00f2 comportare l&#8217;impossibilit\u00e0 di ottenere quanto richiesto o per usufruire dei servizi del titolare del trattamento.<\/p>\n<p>&nbsp;<\/p>\n<h3><strong>8. DIRITTI DEGLI INTERESSATI<\/strong><\/h3>\n<p>Lei potr\u00e0 far valere i propri diritti rivolgendosi al titolare,\u00a0<strong>OMNISHELTER\u00a0srl<\/strong>, contattando la ns. sede al numero\u00a0di telefono 0039 02 97249177, oppure inviando una mail all\u2019indirizzo\u00a0via XI Settembre 6, 20012 Cuggiono (MI)\u00a0 Ha il diritto, in qualunque momento, di ottenere la conferma dell&#8217;esistenza o meno dei dati e di conoscerne il contenuto e l&#8217;origine,\u00a0verificarne l&#8217;esattezza o chiederne l&#8217;integrazione o l&#8217;aggiornamento, oppure la rettificazione, la cancellazione, la trasformazione in forma anonima o il blocco dei dati trattati in violazione di legge, nonch\u00e9 di opporsi in ogni caso, per motivi legittimi, al loro trattamento.<\/p>\n<p>Qualora contatti il titolare \u00e8 pregato di fornire l&#8217;indirizzo di posta elettronica, il nominativo, l&#8217;indirizzo e\/o i numeri di telefono, al fine di permettere la corretta gestione della richiesta.<\/p>\n<p>Ultimo aggiornamento: 13 Giugno 2018<\/p>\n<p>&nbsp;<\/p>\n<h3><strong>9. MODIFICHE ALL&#8217;INFORMATIVA SULLA PRIVACY<\/strong><\/h3>\n<p>Il titolare si riserva il diritto di modificare, aggiornare, aggiungere o rimuovere parti della presente informativa sulla privacy a propria discrezione e in qualsiasi momento. La persona interessata \u00e8 tenuta a verificare periodicamente le eventuali modifiche. Al fine di facilitare tale verifica l&#8217;informativa conterr\u00e0 l&#8217;indicazione della data di aggiornamento dell\u2019informativa. L&#8217;utilizzo del sito, dopo la pubblicazione delle modifiche, costituir\u00e0 accettazione delle stesse.[\/vc_column_text][\/vc_column][\/vc_row]<\/p>\n","protected":false},"excerpt":{"rendered":"<p>[vc_row margin_top=&#8221;60px&#8221; css=&#8221;.vc_custom_1561440503069{margin-bottom: 60px !important;}&#8221;][vc_column][vc_column_text] INFORMATIVA SULLA PRIVACY Informativa per trattamento di dati personali &#8211;\u00a0Documento informativo ai sensi e per gli effetti di cui all\u2019articolo 13, RE 679\/2016 GDPR In osservanza al RE679\/2016 e successive variazioni, nonch\u00e9 a quanto previsto dalla normativa vigente in materia di Cookie, siamo a fornirLe le dovute informazioni in ordine&hellip;<\/p>\n","protected":false},"author":1,"featured_media":0,"parent":0,"menu_order":0,"comment_status":"closed","ping_status":"open","template":"","meta":[],"_links":{"self":[{"href":"https:\/\/www.omnishelter.it\/index.php\/wp-json\/wp\/v2\/pages\/3"}],"collection":[{"href":"https:\/\/www.omnishelter.it\/index.php\/wp-json\/wp\/v2\/pages"}],"about":[{"href":"https:\/\/www.omnishelter.it\/index.php\/wp-json\/wp\/v2\/types\/page"}],"author":[{"embeddable":true,"href":"https:\/\/www.omnishelter.it\/index.php\/wp-json\/wp\/v2\/users\/1"}],"replies":[{"embeddable":true,"href":"https:\/\/www.omnishelter.it\/index.php\/wp-json\/wp\/v2\/comments?post=3"}],"version-history":[{"count":9,"href":"https:\/\/www.omnishelter.it\/index.php\/wp-json\/wp\/v2\/pages\/3\/revisions"}],"predecessor-version":[{"id":2206,"href":"https:\/\/www.omnishelter.it\/index.php\/wp-json\/wp\/v2\/pages\/3\/revisions\/2206"}],"wp:attachment":[{"href":"https:\/\/www.omnishelter.it\/index.php\/wp-json\/wp\/v2\/media?parent=3"}],"curies":[{"name":"wp","href":"https:\/\/api.w.org\/{rel}","templated":true}]}}